{"id":331,"date":"2020-07-22T19:54:32","date_gmt":"2020-07-22T19:54:32","guid":{"rendered":"http:\/\/test.aw-sa.de\/?page_id=331"},"modified":"2021-05-28T13:18:18","modified_gmt":"2021-05-28T13:18:18","slug":"pressefotos","status":"publish","type":"page","link":"https:\/\/aw-sa.de\/index.php\/pressesprecher\/pressefotos\/","title":{"rendered":"Pressefotos"},"content":{"rendered":"\n<div class=\"wp-block-columns is-layout-flex wp-container-core-columns-is-layout-9d6595d7 wp-block-columns-is-layout-flex\">\n<div class=\"wp-block-column is-layout-flow wp-block-column-is-layout-flow\" style=\"flex-basis:22%\">\n<figure class=\"wp-block-image size-large is-resized\"><a href=\"https:\/\/aw-sa.de\/wp-content\/uploads\/2021\/05\/\u00a9-AWSA-Marco-Langhof-Arbeitgeberpraesident-Sachsen-Anhalt_a-scaled.jpg\"><img loading=\"lazy\" decoding=\"async\" src=\"https:\/\/aw-sa.de\/wp-content\/uploads\/2021\/05\/\u00a9-AWSA-Marco-Langhof-Arbeitgeberpraesident-Sachsen-Anhalt_a-683x1024.jpg\" alt=\"\" class=\"wp-image-904\" width=\"220\" height=\"324\"\/><\/a><\/figure>\n<\/div>\n\n\n\n<div class=\"wp-block-column is-vertically-aligned-top is-layout-flow wp-block-column-is-layout-flow\">\n<p><\/p>\n\n\n\n<p class=\"has-text-align-left has-medium-font-size\"><strong>Marco Langhof<\/strong><\/p>\n\n\n\n<p class=\"has-medium-font-size\">Pr\u00e4sident der Arbeitgeber- und Wirtschaftsverb\u00e4nde Sachsen-Anhalt e.V.<\/p>\n<\/div>\n<\/div>\n\n\n\n<div class=\"wp-block-columns is-layout-flex wp-container-core-columns-is-layout-9d6595d7 wp-block-columns-is-layout-flex\">\n<div class=\"wp-block-column is-layout-flow wp-block-column-is-layout-flow\" style=\"flex-basis:22%\">\n<figure class=\"wp-block-image size-large is-resized\"><a href=\"https:\/\/aw-sa.de\/wp-content\/uploads\/2020\/07\/Matthias-Menger-Gesch\u00e4ftsf\u00fchrer-Arbeitgber-und-Wirtschaftsverb\u00e4nde-Sachsen-Anhalt-3.jpg\"><img loading=\"lazy\" decoding=\"async\" src=\"https:\/\/aw-sa.de\/wp-content\/uploads\/2020\/07\/Matthias-Menger-Gesch\u00e4ftsf\u00fchrer-Arbeitgber-und-Wirtschaftsverb\u00e4nde-Sachsen-Anhalt-3-682x1024.jpg\" alt=\"\" class=\"wp-image-246\" width=\"218\" height=\"328\" srcset=\"https:\/\/aw-sa.de\/wp-content\/uploads\/2020\/07\/Matthias-Menger-Gesch\u00e4ftsf\u00fchrer-Arbeitgber-und-Wirtschaftsverb\u00e4nde-Sachsen-Anhalt-3-682x1024.jpg 682w, https:\/\/aw-sa.de\/wp-content\/uploads\/2020\/07\/Matthias-Menger-Gesch\u00e4ftsf\u00fchrer-Arbeitgber-und-Wirtschaftsverb\u00e4nde-Sachsen-Anhalt-3-200x300.jpg 200w, https:\/\/aw-sa.de\/wp-content\/uploads\/2020\/07\/Matthias-Menger-Gesch\u00e4ftsf\u00fchrer-Arbeitgber-und-Wirtschaftsverb\u00e4nde-Sachsen-Anhalt-3-768x1152.jpg 768w, https:\/\/aw-sa.de\/wp-content\/uploads\/2020\/07\/Matthias-Menger-Gesch\u00e4ftsf\u00fchrer-Arbeitgber-und-Wirtschaftsverb\u00e4nde-Sachsen-Anhalt-3-1024x1536.jpg 1024w, https:\/\/aw-sa.de\/wp-content\/uploads\/2020\/07\/Matthias-Menger-Gesch\u00e4ftsf\u00fchrer-Arbeitgber-und-Wirtschaftsverb\u00e4nde-Sachsen-Anhalt-3-1365x2048.jpg 1365w, https:\/\/aw-sa.de\/wp-content\/uploads\/2020\/07\/Matthias-Menger-Gesch\u00e4ftsf\u00fchrer-Arbeitgber-und-Wirtschaftsverb\u00e4nde-Sachsen-Anhalt-3.jpg 1632w\" sizes=\"auto, (max-width: 218px) 100vw, 218px\" \/><\/a><\/figure>\n<\/div>\n\n\n\n<div class=\"wp-block-column is-vertically-aligned-top is-layout-flow wp-block-column-is-layout-flow\" style=\"flex-basis:66.66%\">\n<p><\/p>\n\n\n\n<p class=\"has-medium-font-size\"><strong>Matthias Menger<\/strong><\/p>\n\n\n\n<p class=\"has-medium-font-size\">Gesch\u00e4ftsf\u00fchrer der Arbeitgeber- und Wirtschaftsverb\u00e4nde Sachsen-Anhalt e.V.<br><\/p>\n<\/div>\n<\/div>\n\n\n\n<p><\/p>\n","protected":false},"excerpt":{"rendered":"<p>Marco Langhof Pr\u00e4sident der Arbeitgeber- und Wirtschaftsverb\u00e4nde Sachsen-Anhalt e.V. Matthias Menger Gesch\u00e4ftsf\u00fchrer der Arbeitgeber- und Wirtschaftsverb\u00e4nde Sachsen-Anhalt e.V.<\/p>\n","protected":false},"author":1,"featured_media":0,"parent":57,"menu_order":0,"comment_status":"closed","ping_status":"closed","template":"","meta":{"footnotes":""},"class_list":["post-331","page","type-page","status-publish","hentry"],"_links":{"self":[{"href":"https:\/\/aw-sa.de\/index.php\/wp-json\/wp\/v2\/pages\/331","targetHints":{"allow":["GET"]}}],"collection":[{"href":"https:\/\/aw-sa.de\/index.php\/wp-json\/wp\/v2\/pages"}],"about":[{"href":"https:\/\/aw-sa.de\/index.php\/wp-json\/wp\/v2\/types\/page"}],"author":[{"embeddable":true,"href":"https:\/\/aw-sa.de\/index.php\/wp-json\/wp\/v2\/users\/1"}],"replies":[{"embeddable":true,"href":"https:\/\/aw-sa.de\/index.php\/wp-json\/wp\/v2\/comments?post=331"}],"version-history":[{"count":60,"href":"https:\/\/aw-sa.de\/index.php\/wp-json\/wp\/v2\/pages\/331\/revisions"}],"predecessor-version":[{"id":921,"href":"https:\/\/aw-sa.de\/index.php\/wp-json\/wp\/v2\/pages\/331\/revisions\/921"}],"up":[{"embeddable":true,"href":"https:\/\/aw-sa.de\/index.php\/wp-json\/wp\/v2\/pages\/57"}],"wp:attachment":[{"href":"https:\/\/aw-sa.de\/index.php\/wp-json\/wp\/v2\/media?parent=331"}],"curies":[{"name":"wp","href":"https:\/\/api.w.org\/{rel}","templated":true}]}}