{"id":57,"date":"2020-07-16T07:43:51","date_gmt":"2020-07-16T07:43:51","guid":{"rendered":"http:\/\/test.aw-sa.de\/?page_id=57"},"modified":"2021-05-28T07:22:50","modified_gmt":"2021-05-28T07:22:50","slug":"pressesprecher","status":"publish","type":"page","link":"https:\/\/aw-sa.de\/index.php\/pressesprecher\/","title":{"rendered":"PRESSE"},"content":{"rendered":"\n<h1 class=\"wp-block-heading\">Presse<\/h1>\n\n\n\n<p><\/p>\n\n\n\n<p class=\"has-medium-font-size\">Wir m\u00f6chten Sie als Journalisten bei Ihrer Arbeit bestm\u00f6glich unterst\u00fctzen und bieten Ihnen mit unseren Pressefotos und Pressemitteilungen stets aktuelles Material. F\u00fcr O-T\u00f6ne und\u00a0weitere Informationen stehen wir Ihnen nat\u00fcrlich jederzeit auch gern zur Verf\u00fcgung.<\/p>\n\n\n\n<h2 class=\"wp-block-heading\">Pressesprecher<\/h2>\n\n\n\n<p>Jan Pasemann<br>T. 0391-62 888 51<br>M. 0152- 54 59 47 69<br>E. <a href=\"mailto:pasemann@aw-sa.de\" target=\"_blank\" rel=\"noreferrer noopener\">pasemann@aw-sa.de<\/a><\/p>\n\n\n\n<figure class=\"wp-block-image size-large is-resized\"><img loading=\"lazy\" decoding=\"async\" src=\"https:\/\/aw-sa.de\/wp-content\/uploads\/2021\/05\/Jan-Pasemann-2-683x1024.jpg\" alt=\"\" class=\"wp-image-895\" width=\"257\" height=\"385\" srcset=\"https:\/\/aw-sa.de\/wp-content\/uploads\/2021\/05\/Jan-Pasemann-2-683x1024.jpg 683w, https:\/\/aw-sa.de\/wp-content\/uploads\/2021\/05\/Jan-Pasemann-2-200x300.jpg 200w, https:\/\/aw-sa.de\/wp-content\/uploads\/2021\/05\/Jan-Pasemann-2-768x1152.jpg 768w, https:\/\/aw-sa.de\/wp-content\/uploads\/2021\/05\/Jan-Pasemann-2.jpg 1000w\" sizes=\"auto, (max-width: 257px) 100vw, 257px\" \/><\/figure>\n\n\n\n<p><\/p>\n","protected":false},"excerpt":{"rendered":"<p>Presse Wir m\u00f6chten Sie als Journalisten bei Ihrer Arbeit bestm\u00f6glich unterst\u00fctzen und bieten Ihnen mit unseren Pressefotos und Pressemitteilungen stets aktuelles Material. F\u00fcr O-T\u00f6ne und\u00a0weitere Informationen stehen wir Ihnen nat\u00fcrlich jederzeit auch gern zur Verf\u00fcgung. Pressesprecher Jan PasemannT. 0391-62 888 51M. 0152- 54 59 47 69E. pasemann@aw-sa.de<\/p>\n","protected":false},"author":1,"featured_media":0,"parent":0,"menu_order":0,"comment_status":"closed","ping_status":"closed","template":"","meta":{"footnotes":""},"class_list":["post-57","page","type-page","status-publish","hentry"],"_links":{"self":[{"href":"https:\/\/aw-sa.de\/index.php\/wp-json\/wp\/v2\/pages\/57","targetHints":{"allow":["GET"]}}],"collection":[{"href":"https:\/\/aw-sa.de\/index.php\/wp-json\/wp\/v2\/pages"}],"about":[{"href":"https:\/\/aw-sa.de\/index.php\/wp-json\/wp\/v2\/types\/page"}],"author":[{"embeddable":true,"href":"https:\/\/aw-sa.de\/index.php\/wp-json\/wp\/v2\/users\/1"}],"replies":[{"embeddable":true,"href":"https:\/\/aw-sa.de\/index.php\/wp-json\/wp\/v2\/comments?post=57"}],"version-history":[{"count":31,"href":"https:\/\/aw-sa.de\/index.php\/wp-json\/wp\/v2\/pages\/57\/revisions"}],"predecessor-version":[{"id":898,"href":"https:\/\/aw-sa.de\/index.php\/wp-json\/wp\/v2\/pages\/57\/revisions\/898"}],"wp:attachment":[{"href":"https:\/\/aw-sa.de\/index.php\/wp-json\/wp\/v2\/media?parent=57"}],"curies":[{"name":"wp","href":"https:\/\/api.w.org\/{rel}","templated":true}]}}