{"id":77,"date":"2020-07-16T07:55:09","date_gmt":"2020-07-16T07:55:09","guid":{"rendered":"http:\/\/test.aw-sa.de\/?page_id=77"},"modified":"2026-03-18T12:56:49","modified_gmt":"2026-03-18T12:56:49","slug":"fakt","status":"publish","type":"page","link":"https:\/\/aw-sa.de\/index.php\/fakt\/","title":{"rendered":"#WAHLARENA"},"content":{"rendered":"\n<p>Die Landtagswahl 2026 wirft ihre Schatten voraus \u2013 und mit ihr die entscheidenden Fragen f\u00fcr die Wirtschaft unseres Landes: &nbsp;Welche Weichen werden nach der Wahl gestellt? Wie stehen die Spitzenkandidaten zu den zentralen Themen der Unternehmen.<\/p>\n\n\n\n<p>Mit unserer <strong>\u201eWahlarena \u2013 Sachsen-Anhalts Wirtschaft fragt\u201c<\/strong> bieten wir die Plattform, auf der sich Politik und Unternehmer auf Augenh\u00f6he begegnen. Und miteinander ins Gespr\u00e4ch kommen.<\/p>\n\n\n\n<p>Nutzen SIE die Chance und sein Sie dabei. Ihre Anmeldung machen Sie direkt \u00fcber die <strong>Einladung.<\/strong><\/p>\n\n\n\n<p>Gemeinsam schaffen wir am 5. Mai 2026 Sichtbarkeit f\u00fcr wirtschaftliche Interessen. Wir w\u00fcrden uns sehr freuen, wenn Sie mit und in die Wahlarena steigen. Und den Wettstreit um die besten Ideen f\u00fcr Sachsen-Anhalts Wirtschaft erleben. Geben Sie der Wirtschaft im Wahljahr eine starke Stimme.<\/p>\n\n\n\n<p>F\u00fcr weitere Informationen oder bei Fragen freut sich Herr Pasemann unter <a href=\"mailto:pasemann@aw-sa.de\">pasemann@aw-sa.de<\/a> auf Ihre E-Mail oder rufen Sie an unter 0152-54 59 47 69.<\/p>\n\n\n\n<h2 class=\"wp-block-heading\">Ihre Einladung &#8211; Ihre Anmeldung<\/h2>\n\n\n\n<div data-wp-interactive=\"core\/file\" class=\"wp-block-file\"><object data-wp-bind--hidden=\"!state.hasPdfPreview\" hidden class=\"wp-block-file__embed\" data=\"https:\/\/aw-sa.de\/wp-content\/uploads\/2026\/03\/HdW_Wahlarena2026_Einladung_A4_neu.pdf\" type=\"application\/pdf\" style=\"width:100%;height:600px\" aria-label=\"Einbettung von HdW_Wahlarena2026_Einladung_A4_neu.\"><\/object><a id=\"wp-block-file--media-f2ed1b3a-0d0e-4e74-a74b-cc94ea3dbf67\" href=\"https:\/\/aw-sa.de\/wp-content\/uploads\/2026\/03\/HdW_Wahlarena2026_Einladung_A4_neu.pdf\">HdW_Wahlarena2026_Einladung_A4_neu<\/a><a href=\"https:\/\/aw-sa.de\/wp-content\/uploads\/2026\/03\/HdW_Wahlarena2026_Einladung_A4_neu.pdf\" class=\"wp-block-file__button wp-element-button\" download aria-describedby=\"wp-block-file--media-f2ed1b3a-0d0e-4e74-a74b-cc94ea3dbf67\">Herunterladen<\/a><\/div>\n","protected":false},"excerpt":{"rendered":"<p>Die Landtagswahl 2026 wirft ihre Schatten voraus \u2013 und mit ihr die entscheidenden Fragen f\u00fcr die Wirtschaft unseres Landes: &nbsp;Welche Weichen werden nach der Wahl gestellt? Wie stehen die Spitzenkandidaten zu den zentralen Themen der Unternehmen. Mit unserer \u201eWahlarena \u2013 Sachsen-Anhalts Wirtschaft fragt\u201c bieten wir die Plattform, auf der sich Politik und Unternehmer auf Augenh\u00f6he [&hellip;]<\/p>\n","protected":false},"author":1,"featured_media":0,"parent":0,"menu_order":0,"comment_status":"closed","ping_status":"closed","template":"","meta":{"footnotes":""},"class_list":["post-77","page","type-page","status-publish","hentry"],"_links":{"self":[{"href":"https:\/\/aw-sa.de\/index.php\/wp-json\/wp\/v2\/pages\/77","targetHints":{"allow":["GET"]}}],"collection":[{"href":"https:\/\/aw-sa.de\/index.php\/wp-json\/wp\/v2\/pages"}],"about":[{"href":"https:\/\/aw-sa.de\/index.php\/wp-json\/wp\/v2\/types\/page"}],"author":[{"embeddable":true,"href":"https:\/\/aw-sa.de\/index.php\/wp-json\/wp\/v2\/users\/1"}],"replies":[{"embeddable":true,"href":"https:\/\/aw-sa.de\/index.php\/wp-json\/wp\/v2\/comments?post=77"}],"version-history":[{"count":8,"href":"https:\/\/aw-sa.de\/index.php\/wp-json\/wp\/v2\/pages\/77\/revisions"}],"predecessor-version":[{"id":1928,"href":"https:\/\/aw-sa.de\/index.php\/wp-json\/wp\/v2\/pages\/77\/revisions\/1928"}],"wp:attachment":[{"href":"https:\/\/aw-sa.de\/index.php\/wp-json\/wp\/v2\/media?parent=77"}],"curies":[{"name":"wp","href":"https:\/\/api.w.org\/{rel}","templated":true}]}}