{"id":79,"date":"2020-07-16T07:55:58","date_gmt":"2020-07-16T07:55:58","guid":{"rendered":"http:\/\/test.aw-sa.de\/?page_id=79"},"modified":"2024-03-08T13:42:19","modified_gmt":"2024-03-08T13:42:19","slug":"positionen","status":"publish","type":"page","link":"https:\/\/aw-sa.de\/index.php\/positionen\/","title":{"rendered":"POSITIONEN"},"content":{"rendered":"\n<h2 class=\"wp-block-heading\">AWSA-Erkl\u00e4rung zu Demokratie, Weltoffenheit, globalem Handel &amp; geeintem Europa<\/h2>\n\n\n\n<div data-wp-interactive=\"core\/file\" class=\"wp-block-file\"><object data-wp-bind--hidden=\"!state.hasPdfPreview\" hidden class=\"wp-block-file__embed\" data=\"https:\/\/aw-sa.de\/wp-content\/uploads\/2024\/03\/24-03-08-AWSA-Erklaerung-Demokratie-Weltoffenheit-globaler-Handel-geeintes-Europa.pdf\" type=\"application\/pdf\" style=\"width:100%;height:600px\" aria-label=\"Einbettung von 24-03-08 AWSA-Erkl\u00e4rung Demokratie - Weltoffenheit - globaler Handel - geeintes Europa.\"><\/object><a id=\"wp-block-file--media-0702b722-7e5a-4a37-bb18-881e7d6d2d9c\" href=\"https:\/\/aw-sa.de\/wp-content\/uploads\/2024\/03\/24-03-08-AWSA-Erklaerung-Demokratie-Weltoffenheit-globaler-Handel-geeintes-Europa.pdf\">24-03-08 AWSA-Erkl\u00e4rung Demokratie &#8211; Weltoffenheit &#8211; globaler Handel &#8211; geeintes Europa<\/a><a href=\"https:\/\/aw-sa.de\/wp-content\/uploads\/2024\/03\/24-03-08-AWSA-Erklaerung-Demokratie-Weltoffenheit-globaler-Handel-geeintes-Europa.pdf\" class=\"wp-block-file__button wp-element-button\" download aria-describedby=\"wp-block-file--media-0702b722-7e5a-4a37-bb18-881e7d6d2d9c\">Herunterladen<\/a><\/div>\n\n\n\n<h2 class=\"wp-block-heading\">imreg-Analyse Energiemarktsituation &#8211; die mitteldeutschen Arbeitgeber- und Wirtschaftsverb\u00e4nde<\/h2>\n\n\n\n<div class=\"wp-block-file\"><a id=\"wp-block-file--media-b696ac7c-7f61-4451-97fa-b4e7ff3b3422\" href=\"https:\/\/aw-sa.de\/wp-content\/uploads\/2022\/08\/22-08-26-Analyse-imreg_AWSA_VWT_VSW_Energiemarktsituation_FINAL.pdf\">22-08-26 Analyse imreg_AWSA_VWT_VSW_Energiemarktsituation_FINAL<\/a><a href=\"https:\/\/aw-sa.de\/wp-content\/uploads\/2022\/08\/22-08-26-Analyse-imreg_AWSA_VWT_VSW_Energiemarktsituation_FINAL.pdf\" class=\"wp-block-file__button wp-element-button\" download aria-describedby=\"wp-block-file--media-b696ac7c-7f61-4451-97fa-b4e7ff3b3422\">Herunterladen<\/a><\/div>\n\n\n\n<h2 class=\"wp-block-heading\"><strong>Thesen- und Positionspapier der mitteldeutschen Wirtschafts- und Arbeitgeberverb\u00e4nde an die k\u00fcnftige Bundesregierung<\/strong><\/h2>\n\n\n\n<p><strong>Wirtschaft ist Grundlage f\u00fcr den Wohlstand unserer Gesellschaft. Die neue Bundesregierung muss dies anerkennen und in den anstehenden Entscheidungen ber\u00fccksichtigen.<\/strong><\/p>\n\n\n\n<p><br>Wirtschaft betrifft uns alle \u2013 die Arbeitnehmerinnen und Arbeitnehmer sowie deren Familien, die Unternehmer, die Kommunen und den Staat als Ganzes. Arbeit ist integraler Bestandteil eines sinnerf\u00fcllten Lebens. Wer \u201edie Wirtschaft\u201c, \u201edie Industrie\u201c oder \u201eden Markt\u201c als Gegner von Menschen dargestellt, diskreditiert das Leben vieler Millionen Erwerbst\u00e4tiger in unserem Land und spaltet die Gesellschaft.<\/p>\n\n\n\n<p><br>Die Entwicklung Mitteldeutschlands zeigt, wie eng verbunden Wirtschaft und Gesellschaft sind. Nach dem Scheitern des real existierenden Sozialismus und den folgenden Strukturumbr\u00fcchen sind Sachsen, Sachsen-Anhalt und Th\u00fcringen wieder leistungsf\u00e4hige Industrieregionen geworden. Wenn gleich noch immer strukturelle Unterschiede bestehen, war das die Grundlage f\u00fcr Wirtschaftswachstum, sinkende Arbeitslosigkeit und steigende Einkommen in den vergangenen Jahren.<\/p>\n\n\n\n<p><br>Der Staat hat noch nie durch Verbote, zus\u00e4tzliche Abgaben oder gr\u00f6\u00dfere Beh\u00f6rden Innovationen,<br>Arbeitspl\u00e4tze und Wohlstand geschaffen. Es sind die Unternehmen und ihre Mitarbeiter, die best\u00e4n-<br>dig daf\u00fcr sorgen. Diese ben\u00f6tigen Rahmenbedingungen, die Freiheiten f\u00fcr neue Ideen erlauben und<br>Wachstum erm\u00f6glichen. Dies gilt vor allem f\u00fcr die mitteldeutsche Wirtschaft, die sich noch immer im<br>Aufholprozess befindet und der Fesseln umso mehr schaden.<\/p>\n\n\n\n<div class=\"wp-block-file\"><a id=\"wp-block-file--media-2988f474-e76f-484e-84c5-d56c20adfff9\" href=\"https:\/\/aw-sa.de\/wp-content\/uploads\/2021\/10\/21-10-27_Thesenpapier_AWSA_VWT_VSW.pdf\">21-10-27_Thesenpapier_AWSA_VWT_VSW<\/a><a href=\"https:\/\/aw-sa.de\/wp-content\/uploads\/2021\/10\/21-10-27_Thesenpapier_AWSA_VWT_VSW.pdf\" class=\"wp-block-file__button wp-element-button\" download aria-describedby=\"wp-block-file--media-2988f474-e76f-484e-84c5-d56c20adfff9\">Herunterladen<\/a><\/div>\n\n\n\n<p><\/p>\n\n\n\n<h2 class=\"wp-block-heading\"><strong>Vorf\u00e4lligkeit der Sozialversicherungsbeitr\u00e4ge<\/strong><\/h2>\n\n\n\n<p>2005 beschloss der Gesetzgeber in Anbetracht knapper Rentenkassen die Vorverlegung der F\u00e4lligkeit der Sozialversicherungsbeitr\u00e4ge (SV-Beitr\u00e4ge). Mit der Neuregelung zum 1. Januar 2006 wurde die F\u00e4lligkeit der Sozialversicherungsbeitr\u00e4ge vom 15. des Folgemonats in den laufenden Monat verlagert. Dadurch wird einer hoher Verwaltungsaufwand verursacht. Dieser belastet kleine und mittlere Unternehmen finanziell und personell stark. Zudem entzieht er mittelst\u00e4ndischen Unternehmen Liquidit\u00e4t.<\/p>\n\n\n\n<p>Die Unternehmen sch\u00e4tzen den voraussichtlichen Beitrag zur Sozialversicherung f\u00fcr den laufenden Kalendermonat. Sie f\u00fchren den Beitrag bereits vor der Auszahlung Zahlung der L\u00f6hne und Geh\u00e4lter ab. Im Folgemonat erfolgen dann nachtr\u00e4gliche Korrekturen der Entgeltabrechnung. Die Unternehmen erstellen somit j\u00e4hrlich nicht 12, sondern 24 Monatsabrechnungen. Mit der Einf\u00fchrung der Vorf\u00e4lligkeit der SV-Beitr\u00e4ge sollten die finanziell schwachen Kassen der Sozialversicherung stabilisiert werden. Trotz der Stabilisierung in den vergangenen Jahren wurde die Ma\u00dfnahme nicht zur\u00fcckgenommen.<\/p>\n\n\n\n<p>Aufgrund der Corona-Krise sind viele Unternehmen an ihre Liquidit\u00e4tsgrenzen gelangt. Die Abschaffung der Vorf\u00e4lligkeit der SV-Beitr\u00e4ge ist schnell zu erledigen. Damit kann z\u00fcgig wieder Liquidit\u00e4t zur Verf\u00fcgung stehen. Au\u00dferdem spart jedes Unternehmen Zeit durch wegfallenden Verwaltungsaufwand.<\/p>\n","protected":false},"excerpt":{"rendered":"<p>AWSA-Erkl\u00e4rung zu Demokratie, Weltoffenheit, globalem Handel &amp; geeintem Europa imreg-Analyse Energiemarktsituation &#8211; die mitteldeutschen Arbeitgeber- und Wirtschaftsverb\u00e4nde Thesen- und Positionspapier der mitteldeutschen Wirtschafts- und Arbeitgeberverb\u00e4nde an die k\u00fcnftige Bundesregierung Wirtschaft ist Grundlage f\u00fcr den Wohlstand unserer Gesellschaft. Die neue Bundesregierung muss dies anerkennen und in den anstehenden Entscheidungen ber\u00fccksichtigen. Wirtschaft betrifft uns alle \u2013 die [&hellip;]<\/p>\n","protected":false},"author":1,"featured_media":0,"parent":0,"menu_order":0,"comment_status":"closed","ping_status":"closed","template":"","meta":{"footnotes":""},"class_list":["post-79","page","type-page","status-publish","hentry"],"_links":{"self":[{"href":"https:\/\/aw-sa.de\/index.php\/wp-json\/wp\/v2\/pages\/79","targetHints":{"allow":["GET"]}}],"collection":[{"href":"https:\/\/aw-sa.de\/index.php\/wp-json\/wp\/v2\/pages"}],"about":[{"href":"https:\/\/aw-sa.de\/index.php\/wp-json\/wp\/v2\/types\/page"}],"author":[{"embeddable":true,"href":"https:\/\/aw-sa.de\/index.php\/wp-json\/wp\/v2\/users\/1"}],"replies":[{"embeddable":true,"href":"https:\/\/aw-sa.de\/index.php\/wp-json\/wp\/v2\/comments?post=79"}],"version-history":[{"count":9,"href":"https:\/\/aw-sa.de\/index.php\/wp-json\/wp\/v2\/pages\/79\/revisions"}],"predecessor-version":[{"id":1553,"href":"https:\/\/aw-sa.de\/index.php\/wp-json\/wp\/v2\/pages\/79\/revisions\/1553"}],"wp:attachment":[{"href":"https:\/\/aw-sa.de\/index.php\/wp-json\/wp\/v2\/media?parent=79"}],"curies":[{"name":"wp","href":"https:\/\/api.w.org\/{rel}","templated":true}]}}